{"id":13,"date":"2025-01-13T09:10:17","date_gmt":"2025-01-13T08:10:17","guid":{"rendered":"https:\/\/geraldinereflexologie.fr\/?page_id=13"},"modified":"2025-01-15T10:12:18","modified_gmt":"2025-01-15T09:12:18","slug":"aromatherapie","status":"publish","type":"page","link":"https:\/\/geraldinereflexologie.fr\/index.php\/aromatherapie\/","title":{"rendered":"AROMATH\u00c9RAPIE"},"content":{"rendered":"\t\t<div data-elementor-type=\"wp-page\" data-elementor-id=\"13\" class=\"elementor elementor-13\" data-elementor-post-type=\"page\">\n\t\t\t\t<div class=\"elementor-element elementor-element-298b096 e-con-full e-flex e-con e-parent\" data-id=\"298b096\" data-element_type=\"container\" data-settings=\"{&quot;background_background&quot;:&quot;classic&quot;}\">\n\t\t<div class=\"elementor-element elementor-element-2b9daf7f e-con-full e-flex e-con e-child\" data-id=\"2b9daf7f\" data-element_type=\"container\">\n\t\t\t\t<div class=\"elementor-element elementor-element-28dcad1c elementor-widget elementor-widget-text-editor\" data-id=\"28dcad1c\" data-element_type=\"widget\" data-widget_type=\"text-editor.default\">\n\t\t\t\t<div class=\"elementor-widget-container\">\n\t\t\t\t\t\t\t\t\t<p>La formation que j\u2019ai suivie aupr\u00e8s de professionnels m\u2019a permis de valider des comp\u00e9tences essentielles pour vous accompagner dans un suivi personnalis\u00e9 en aromath\u00e9rapie.<\/p>\t\t\t\t\t\t\t\t<\/div>\n\t\t\t\t<\/div>\n\t\t\t\t<\/div>\n\t\t\t\t<div class=\"elementor-element elementor-element-4e5b64ec elementor-widget elementor-widget-image\" data-id=\"4e5b64ec\" data-element_type=\"widget\" data-widget_type=\"image.default\">\n\t\t\t\t<div class=\"elementor-widget-container\">\n\t\t\t\t\t\t\t\t\t\t\t\t\t\t\t<img fetchpriority=\"high\" decoding=\"async\" width=\"1024\" height=\"683\" src=\"https:\/\/geraldinereflexologie.fr\/wp-content\/uploads\/2025\/01\/christin-hume-0MoF-Fe0w0A-unsplash-1024x683.jpg\" class=\"attachment-large size-large wp-image-34\" alt=\"\" srcset=\"https:\/\/geraldinereflexologie.fr\/wp-content\/uploads\/2025\/01\/christin-hume-0MoF-Fe0w0A-unsplash-1024x683.jpg 1024w, https:\/\/geraldinereflexologie.fr\/wp-content\/uploads\/2025\/01\/christin-hume-0MoF-Fe0w0A-unsplash-300x200.jpg 300w, https:\/\/geraldinereflexologie.fr\/wp-content\/uploads\/2025\/01\/christin-hume-0MoF-Fe0w0A-unsplash-768x512.jpg 768w, https:\/\/geraldinereflexologie.fr\/wp-content\/uploads\/2025\/01\/christin-hume-0MoF-Fe0w0A-unsplash-1536x1024.jpg 1536w, https:\/\/geraldinereflexologie.fr\/wp-content\/uploads\/2025\/01\/christin-hume-0MoF-Fe0w0A-unsplash-2048x1365.jpg 2048w, https:\/\/geraldinereflexologie.fr\/wp-content\/uploads\/2025\/01\/christin-hume-0MoF-Fe0w0A-unsplash-90x60.jpg 90w\" sizes=\"(max-width: 1024px) 100vw, 1024px\" \/>\t\t\t\t\t\t\t\t\t\t\t\t\t\t\t<\/div>\n\t\t\t\t<\/div>\n\t\t\t\t<\/div>\n\t\t<div class=\"elementor-element elementor-element-4889930 e-flex e-con-boxed e-con e-parent\" data-id=\"4889930\" data-element_type=\"container\">\n\t\t\t\t\t<div class=\"e-con-inner\">\n\t\t\t\t<div class=\"elementor-element elementor-element-44fa1eb elementor-widget elementor-widget-text-editor\" data-id=\"44fa1eb\" data-element_type=\"widget\" data-widget_type=\"text-editor.default\">\n\t\t\t\t<div class=\"elementor-widget-container\">\n\t\t\t\t\t\t\t\t\t<p>L\u2019aromath\u00e9rapie est l\u2019art de prendre soin de soi gr\u00e2ce aux huiles essentielles, en harmonisant la sant\u00e9 physique et mentale et en renfor\u00e7ant le processus naturel d\u2019autogu\u00e9rison. Cette pratique repose sur l\u2019utilisation des compos\u00e9s aromatiques pour soulager les douleurs, prendre soin du corps et favoriser le bien-\u00eatre, dans une d\u00e9marche de soin et de pr\u00e9vention.<\/p>\n<p><strong>Suivi propos\u00e9 :<\/strong><\/p>\n<ul>\n<li>Troubles cutan\u00e9s et soins ORL<\/li>\n<li>Douleurs de tous types<\/li>\n<li>Troubles f\u00e9minins<\/li>\n<li>Stress et anxi\u00e9t\u00e9<\/li>\n<li>Troubles nerveux<\/li>\n<li>Troubles digestifs<\/li>\n<\/ul>\t\t\t\t\t\t\t\t<\/div>\n\t\t\t\t<\/div>\n\t\t\t\t\t<\/div>\n\t\t\t\t<\/div>\n\t\t\t\t<\/div>\n\t\t","protected":false},"excerpt":{"rendered":"<p>La formation que j\u2019ai suivie aupr\u00e8s de professionnels m\u2019a permis de valider des comp\u00e9tences essentielles pour vous accompagner dans un suivi personnalis\u00e9 en aromath\u00e9rapie. L\u2019aromath\u00e9rapie est l\u2019art de prendre soin de soi gr\u00e2ce aux huiles essentielles, en harmonisant la sant\u00e9 physique et mentale et en renfor\u00e7ant le processus naturel d\u2019autogu\u00e9rison. Cette pratique repose sur l\u2019utilisation &hellip; <\/p>\n","protected":false},"author":1,"featured_media":0,"parent":0,"menu_order":0,"comment_status":"closed","ping_status":"closed","template":"","meta":{"footnotes":""},"class_list":["post-13","page","type-page","status-publish","hentry"],"yoast_head":"<!-- This site is optimized with the Yoast SEO plugin v25.8 - https:\/\/yoast.com\/wordpress\/plugins\/seo\/ -->\n<title>AROMATH\u00c9RAPIE -<\/title>\n<meta name=\"robots\" content=\"index, follow, max-snippet:-1, max-image-preview:large, max-video-preview:-1\" \/>\n<link rel=\"canonical\" href=\"https:\/\/geraldinereflexologie.fr\/index.php\/aromatherapie\/\" \/>\n<meta property=\"og:locale\" content=\"en_US\" \/>\n<meta property=\"og:type\" content=\"article\" \/>\n<meta property=\"og:title\" content=\"AROMATH\u00c9RAPIE -\" \/>\n<meta property=\"og:description\" content=\"La formation que j\u2019ai suivie aupr\u00e8s de professionnels m\u2019a permis de valider des comp\u00e9tences essentielles pour vous accompagner dans un suivi personnalis\u00e9 en aromath\u00e9rapie. L\u2019aromath\u00e9rapie est l\u2019art de prendre soin de soi gr\u00e2ce aux huiles essentielles, en harmonisant la sant\u00e9 physique et mentale et en renfor\u00e7ant le processus naturel d\u2019autogu\u00e9rison. Cette pratique repose sur l\u2019utilisation &hellip;\" \/>\n<meta property=\"og:url\" content=\"https:\/\/geraldinereflexologie.fr\/index.php\/aromatherapie\/\" \/>\n<meta property=\"article:modified_time\" content=\"2025-01-15T09:12:18+00:00\" \/>\n<meta property=\"og:image\" content=\"http:\/\/geraldinereflexologie.fr\/wp-content\/uploads\/2025\/01\/christin-hume-0MoF-Fe0w0A-unsplash-1024x683.jpg\" \/>\n<meta name=\"twitter:card\" content=\"summary_large_image\" \/>\n<meta name=\"twitter:label1\" content=\"Est. reading time\" \/>\n\t<meta name=\"twitter:data1\" content=\"1 minute\" \/>\n<script type=\"application\/ld+json\" class=\"yoast-schema-graph\">{\"@context\":\"https:\/\/schema.org\",\"@graph\":[{\"@type\":\"WebPage\",\"@id\":\"https:\/\/geraldinereflexologie.fr\/index.php\/aromatherapie\/\",\"url\":\"https:\/\/geraldinereflexologie.fr\/index.php\/aromatherapie\/\",\"name\":\"AROMATH\u00c9RAPIE -\",\"isPartOf\":{\"@id\":\"https:\/\/geraldinereflexologie.fr\/#website\"},\"primaryImageOfPage\":{\"@id\":\"https:\/\/geraldinereflexologie.fr\/index.php\/aromatherapie\/#primaryimage\"},\"image\":{\"@id\":\"https:\/\/geraldinereflexologie.fr\/index.php\/aromatherapie\/#primaryimage\"},\"thumbnailUrl\":\"http:\/\/geraldinereflexologie.fr\/wp-content\/uploads\/2025\/01\/christin-hume-0MoF-Fe0w0A-unsplash-1024x683.jpg\",\"datePublished\":\"2025-01-13T08:10:17+00:00\",\"dateModified\":\"2025-01-15T09:12:18+00:00\",\"breadcrumb\":{\"@id\":\"https:\/\/geraldinereflexologie.fr\/index.php\/aromatherapie\/#breadcrumb\"},\"inLanguage\":\"en-US\",\"potentialAction\":[{\"@type\":\"ReadAction\",\"target\":[\"https:\/\/geraldinereflexologie.fr\/index.php\/aromatherapie\/\"]}]},{\"@type\":\"ImageObject\",\"inLanguage\":\"en-US\",\"@id\":\"https:\/\/geraldinereflexologie.fr\/index.php\/aromatherapie\/#primaryimage\",\"url\":\"http:\/\/geraldinereflexologie.fr\/wp-content\/uploads\/2025\/01\/christin-hume-0MoF-Fe0w0A-unsplash-1024x683.jpg\",\"contentUrl\":\"http:\/\/geraldinereflexologie.fr\/wp-content\/uploads\/2025\/01\/christin-hume-0MoF-Fe0w0A-unsplash-1024x683.jpg\"},{\"@type\":\"BreadcrumbList\",\"@id\":\"https:\/\/geraldinereflexologie.fr\/index.php\/aromatherapie\/#breadcrumb\",\"itemListElement\":[{\"@type\":\"ListItem\",\"position\":1,\"name\":\"Accueil\",\"item\":\"https:\/\/geraldinereflexologie.fr\/\"},{\"@type\":\"ListItem\",\"position\":2,\"name\":\"AROMATH\u00c9RAPIE\"}]},{\"@type\":\"WebSite\",\"@id\":\"https:\/\/geraldinereflexologie.fr\/#website\",\"url\":\"https:\/\/geraldinereflexologie.fr\/\",\"name\":\"\",\"description\":\"\",\"potentialAction\":[{\"@type\":\"SearchAction\",\"target\":{\"@type\":\"EntryPoint\",\"urlTemplate\":\"https:\/\/geraldinereflexologie.fr\/?s={search_term_string}\"},\"query-input\":{\"@type\":\"PropertyValueSpecification\",\"valueRequired\":true,\"valueName\":\"search_term_string\"}}],\"inLanguage\":\"en-US\"}]}<\/script>\n<!-- \/ Yoast SEO plugin. -->","yoast_head_json":{"title":"AROMATH\u00c9RAPIE -","robots":{"index":"index","follow":"follow","max-snippet":"max-snippet:-1","max-image-preview":"max-image-preview:large","max-video-preview":"max-video-preview:-1"},"canonical":"https:\/\/geraldinereflexologie.fr\/index.php\/aromatherapie\/","og_locale":"en_US","og_type":"article","og_title":"AROMATH\u00c9RAPIE -","og_description":"La formation que j\u2019ai suivie aupr\u00e8s de professionnels m\u2019a permis de valider des comp\u00e9tences essentielles pour vous accompagner dans un suivi personnalis\u00e9 en aromath\u00e9rapie. L\u2019aromath\u00e9rapie est l\u2019art de prendre soin de soi gr\u00e2ce aux huiles essentielles, en harmonisant la sant\u00e9 physique et mentale et en renfor\u00e7ant le processus naturel d\u2019autogu\u00e9rison. Cette pratique repose sur l\u2019utilisation &hellip;","og_url":"https:\/\/geraldinereflexologie.fr\/index.php\/aromatherapie\/","article_modified_time":"2025-01-15T09:12:18+00:00","og_image":[{"url":"http:\/\/geraldinereflexologie.fr\/wp-content\/uploads\/2025\/01\/christin-hume-0MoF-Fe0w0A-unsplash-1024x683.jpg","type":"","width":"","height":""}],"twitter_card":"summary_large_image","twitter_misc":{"Est. reading time":"1 minute"},"schema":{"@context":"https:\/\/schema.org","@graph":[{"@type":"WebPage","@id":"https:\/\/geraldinereflexologie.fr\/index.php\/aromatherapie\/","url":"https:\/\/geraldinereflexologie.fr\/index.php\/aromatherapie\/","name":"AROMATH\u00c9RAPIE -","isPartOf":{"@id":"https:\/\/geraldinereflexologie.fr\/#website"},"primaryImageOfPage":{"@id":"https:\/\/geraldinereflexologie.fr\/index.php\/aromatherapie\/#primaryimage"},"image":{"@id":"https:\/\/geraldinereflexologie.fr\/index.php\/aromatherapie\/#primaryimage"},"thumbnailUrl":"http:\/\/geraldinereflexologie.fr\/wp-content\/uploads\/2025\/01\/christin-hume-0MoF-Fe0w0A-unsplash-1024x683.jpg","datePublished":"2025-01-13T08:10:17+00:00","dateModified":"2025-01-15T09:12:18+00:00","breadcrumb":{"@id":"https:\/\/geraldinereflexologie.fr\/index.php\/aromatherapie\/#breadcrumb"},"inLanguage":"en-US","potentialAction":[{"@type":"ReadAction","target":["https:\/\/geraldinereflexologie.fr\/index.php\/aromatherapie\/"]}]},{"@type":"ImageObject","inLanguage":"en-US","@id":"https:\/\/geraldinereflexologie.fr\/index.php\/aromatherapie\/#primaryimage","url":"http:\/\/geraldinereflexologie.fr\/wp-content\/uploads\/2025\/01\/christin-hume-0MoF-Fe0w0A-unsplash-1024x683.jpg","contentUrl":"http:\/\/geraldinereflexologie.fr\/wp-content\/uploads\/2025\/01\/christin-hume-0MoF-Fe0w0A-unsplash-1024x683.jpg"},{"@type":"BreadcrumbList","@id":"https:\/\/geraldinereflexologie.fr\/index.php\/aromatherapie\/#breadcrumb","itemListElement":[{"@type":"ListItem","position":1,"name":"Accueil","item":"https:\/\/geraldinereflexologie.fr\/"},{"@type":"ListItem","position":2,"name":"AROMATH\u00c9RAPIE"}]},{"@type":"WebSite","@id":"https:\/\/geraldinereflexologie.fr\/#website","url":"https:\/\/geraldinereflexologie.fr\/","name":"","description":"","potentialAction":[{"@type":"SearchAction","target":{"@type":"EntryPoint","urlTemplate":"https:\/\/geraldinereflexologie.fr\/?s={search_term_string}"},"query-input":{"@type":"PropertyValueSpecification","valueRequired":true,"valueName":"search_term_string"}}],"inLanguage":"en-US"}]}},"_links":{"self":[{"href":"https:\/\/geraldinereflexologie.fr\/index.php\/wp-json\/wp\/v2\/pages\/13","targetHints":{"allow":["GET"]}}],"collection":[{"href":"https:\/\/geraldinereflexologie.fr\/index.php\/wp-json\/wp\/v2\/pages"}],"about":[{"href":"https:\/\/geraldinereflexologie.fr\/index.php\/wp-json\/wp\/v2\/types\/page"}],"author":[{"embeddable":true,"href":"https:\/\/geraldinereflexologie.fr\/index.php\/wp-json\/wp\/v2\/users\/1"}],"replies":[{"embeddable":true,"href":"https:\/\/geraldinereflexologie.fr\/index.php\/wp-json\/wp\/v2\/comments?post=13"}],"version-history":[{"count":4,"href":"https:\/\/geraldinereflexologie.fr\/index.php\/wp-json\/wp\/v2\/pages\/13\/revisions"}],"predecessor-version":[{"id":117,"href":"https:\/\/geraldinereflexologie.fr\/index.php\/wp-json\/wp\/v2\/pages\/13\/revisions\/117"}],"wp:attachment":[{"href":"https:\/\/geraldinereflexologie.fr\/index.php\/wp-json\/wp\/v2\/media?parent=13"}],"curies":[{"name":"wp","href":"https:\/\/api.w.org\/{rel}","templated":true}]}}