{"id":15,"date":"2025-01-13T09:10:35","date_gmt":"2025-01-13T08:10:35","guid":{"rendered":"https:\/\/geraldinereflexologie.fr\/?page_id=15"},"modified":"2025-01-14T14:15:13","modified_gmt":"2025-01-14T13:15:13","slug":"reflexologie","status":"publish","type":"page","link":"https:\/\/geraldinereflexologie.fr\/index.php\/reflexologie\/","title":{"rendered":"REFLEXOLOGIE"},"content":{"rendered":"\t\t<div data-elementor-type=\"wp-page\" data-elementor-id=\"15\" class=\"elementor elementor-15\" data-elementor-post-type=\"page\">\n\t\t\t\t<div class=\"elementor-element elementor-element-eb66a29 e-flex e-con-boxed e-con e-parent\" data-id=\"eb66a29\" data-element_type=\"container\">\n\t\t\t\t\t<div class=\"e-con-inner\">\n\t\t\t\t<div class=\"elementor-element elementor-element-53d6b0b elementor-widget elementor-widget-text-editor\" data-id=\"53d6b0b\" data-element_type=\"widget\" data-widget_type=\"text-editor.default\">\n\t\t\t\t<div class=\"elementor-widget-container\">\n\t\t\t\t\t\t\t\t\t<p>La pression et le massage des zones pr\u00e9cises sur les pieds et les mains, qui sont extr\u00eamement riches en terminaisons nerveuses, ont une incidence sur le syst\u00e8me nerveux et les r\u00e9ponses de l\u2019organisme au stress. Cette pratique agit sur le physique, le mental et l\u2019\u00e9motionnel. Elle est issue des techniques \u00e9nerg\u00e9tiques de la m\u00e9decine traditionnelle chinoise.<\/p>\t\t\t\t\t\t\t\t<\/div>\n\t\t\t\t<\/div>\n\t\t\t\t\t<\/div>\n\t\t\t\t<\/div>\n\t\t<div class=\"elementor-element elementor-element-d5a4465 e-flex e-con-boxed e-con e-parent\" data-id=\"d5a4465\" data-element_type=\"container\">\n\t\t\t\t\t<div class=\"e-con-inner\">\n\t\t<div class=\"elementor-element elementor-element-200a126 e-con-full e-flex e-con e-child\" data-id=\"200a126\" data-element_type=\"container\">\n\t\t\t\t<div class=\"elementor-element elementor-element-8a7d9a9 elementor-widget elementor-widget-image\" data-id=\"8a7d9a9\" data-element_type=\"widget\" data-widget_type=\"image.default\">\n\t\t\t\t<div class=\"elementor-widget-container\">\n\t\t\t\t\t\t\t\t\t\t\t\t\t\t\t<img fetchpriority=\"high\" decoding=\"async\" width=\"1024\" height=\"684\" src=\"https:\/\/geraldinereflexologie.fr\/wp-content\/uploads\/2025\/01\/woman-receiving-foot-massage-service-from-masseuse-close-up-hand-foot-relax-foot-massage-therapy-service-concept-1-1024x684.jpg\" class=\"attachment-large size-large wp-image-38\" alt=\"\" srcset=\"https:\/\/geraldinereflexologie.fr\/wp-content\/uploads\/2025\/01\/woman-receiving-foot-massage-service-from-masseuse-close-up-hand-foot-relax-foot-massage-therapy-service-concept-1-1024x684.jpg 1024w, https:\/\/geraldinereflexologie.fr\/wp-content\/uploads\/2025\/01\/woman-receiving-foot-massage-service-from-masseuse-close-up-hand-foot-relax-foot-massage-therapy-service-concept-1-300x200.jpg 300w, https:\/\/geraldinereflexologie.fr\/wp-content\/uploads\/2025\/01\/woman-receiving-foot-massage-service-from-masseuse-close-up-hand-foot-relax-foot-massage-therapy-service-concept-1-768x513.jpg 768w, https:\/\/geraldinereflexologie.fr\/wp-content\/uploads\/2025\/01\/woman-receiving-foot-massage-service-from-masseuse-close-up-hand-foot-relax-foot-massage-therapy-service-concept-1-1536x1025.jpg 1536w, https:\/\/geraldinereflexologie.fr\/wp-content\/uploads\/2025\/01\/woman-receiving-foot-massage-service-from-masseuse-close-up-hand-foot-relax-foot-massage-therapy-service-concept-1-2048x1367.jpg 2048w, https:\/\/geraldinereflexologie.fr\/wp-content\/uploads\/2025\/01\/woman-receiving-foot-massage-service-from-masseuse-close-up-hand-foot-relax-foot-massage-therapy-service-concept-1-90x60.jpg 90w\" sizes=\"(max-width: 1024px) 100vw, 1024px\" \/>\t\t\t\t\t\t\t\t\t\t\t\t\t\t\t<\/div>\n\t\t\t\t<\/div>\n\t\t\t\t<\/div>\n\t\t<div class=\"elementor-element elementor-element-c952b41 e-con-full e-flex e-con e-child\" data-id=\"c952b41\" data-element_type=\"container\">\n\t\t\t\t<div class=\"elementor-element elementor-element-20735d0 elementor-widget elementor-widget-text-editor\" data-id=\"20735d0\" data-element_type=\"widget\" data-widget_type=\"text-editor.default\">\n\t\t\t\t<div class=\"elementor-widget-container\">\n\t\t\t\t\t\t\t\t\t<p>La r\u00e9flexologie ne remplace en aucun cas le suivi m\u00e9dical prodigu\u00e9 par votre m\u00e9decin.<\/p><p>En tant que praticien, je ne pose aucun diagnostic m\u00e9dical et ne modifie en aucun cas les traitements en cours prescrits par un professionnel de sant\u00e9.<\/p>\t\t\t\t\t\t\t\t<\/div>\n\t\t\t\t<\/div>\n\t\t\t\t<\/div>\n\t\t\t\t\t<\/div>\n\t\t\t\t<\/div>\n\t\t<div class=\"elementor-element elementor-element-4e2fb3b e-flex e-con-boxed e-con e-parent\" data-id=\"4e2fb3b\" data-element_type=\"container\">\n\t\t\t\t\t<div class=\"e-con-inner\">\n\t\t\t\t<div class=\"elementor-element elementor-element-8e4ccd4 elementor-widget elementor-widget-text-editor\" data-id=\"8e4ccd4\" data-element_type=\"widget\" data-widget_type=\"text-editor.default\">\n\t\t\t\t<div class=\"elementor-widget-container\">\n\t\t\t\t\t\t\t\t\t<p>Il est essentiel de me communiquer toute pathologie, tout ant\u00e9c\u00e9dent m\u00e9dical significatif, m\u00eame s&#8217;il est ancien, afin d&#8217;assurer une prise en charge adapt\u00e9e et s\u00e9curis\u00e9e.<\/p>\t\t\t\t\t\t\t\t<\/div>\n\t\t\t\t<\/div>\n\t\t\t\t\t<\/div>\n\t\t\t\t<\/div>\n\t\t<div class=\"elementor-element elementor-element-9637189 e-flex e-con-boxed e-con e-parent\" data-id=\"9637189\" data-element_type=\"container\">\n\t\t\t\t\t<div class=\"e-con-inner\">\n\t\t<div class=\"elementor-element elementor-element-201d195 e-con-full e-flex e-con e-child\" data-id=\"201d195\" data-element_type=\"container\">\n\t\t\t\t<div class=\"elementor-element elementor-element-d0f3d01 elementor-widget elementor-widget-heading\" data-id=\"d0f3d01\" data-element_type=\"widget\" data-widget_type=\"heading.default\">\n\t\t\t\t<div class=\"elementor-widget-container\">\n\t\t\t\t\t<h2 class=\"elementor-heading-title elementor-size-default\">Les contre-indications <\/h2>\t\t\t\t<\/div>\n\t\t\t\t<\/div>\n\t\t\t\t<div class=\"elementor-element elementor-element-ffc0933 elementor-widget elementor-widget-text-editor\" data-id=\"ffc0933\" data-element_type=\"widget\" data-widget_type=\"text-editor.default\">\n\t\t\t\t<div class=\"elementor-widget-container\">\n\t\t\t\t\t\t\t\t\t<p>Veuillez noter qu&#8217;il existe des contre-indications \u00e0 la pratique dans les cas suivants :<\/p><ul><li>Premier trimestre de grossesse<\/li><li>Phl\u00e9bite ou thrombose r\u00e9cente<\/li><li>Hypertension art\u00e9rielle grave<\/li><li>Suspicion de diab\u00e8te ou diab\u00e8te non stabilis\u00e9<\/li><\/ul>\t\t\t\t\t\t\t\t<\/div>\n\t\t\t\t<\/div>\n\t\t\t\t<\/div>\n\t\t\t\t\t<\/div>\n\t\t\t\t<\/div>\n\t\t\t\t<\/div>\n\t\t","protected":false},"excerpt":{"rendered":"<p>La pression et le massage des zones pr\u00e9cises sur les pieds et les mains, qui sont extr\u00eamement riches en terminaisons nerveuses, ont une incidence sur le syst\u00e8me nerveux et les r\u00e9ponses de l\u2019organisme au stress. Cette pratique agit sur le physique, le mental et l\u2019\u00e9motionnel. Elle est issue des techniques \u00e9nerg\u00e9tiques de la m\u00e9decine traditionnelle &hellip; <\/p>\n","protected":false},"author":1,"featured_media":0,"parent":0,"menu_order":0,"comment_status":"closed","ping_status":"closed","template":"","meta":{"footnotes":""},"class_list":["post-15","page","type-page","status-publish","hentry"],"yoast_head":"<!-- This site is optimized with the Yoast SEO plugin v25.8 - https:\/\/yoast.com\/wordpress\/plugins\/seo\/ -->\n<title>REFLEXOLOGIE -<\/title>\n<meta name=\"robots\" content=\"index, follow, max-snippet:-1, max-image-preview:large, max-video-preview:-1\" \/>\n<link rel=\"canonical\" href=\"https:\/\/geraldinereflexologie.fr\/index.php\/reflexologie\/\" \/>\n<meta property=\"og:locale\" content=\"en_US\" \/>\n<meta property=\"og:type\" content=\"article\" \/>\n<meta property=\"og:title\" content=\"REFLEXOLOGIE -\" \/>\n<meta property=\"og:description\" content=\"La pression et le massage des zones pr\u00e9cises sur les pieds et les mains, qui sont extr\u00eamement riches en terminaisons nerveuses, ont une incidence sur le syst\u00e8me nerveux et les r\u00e9ponses de l\u2019organisme au stress. Cette pratique agit sur le physique, le mental et l\u2019\u00e9motionnel. Elle est issue des techniques \u00e9nerg\u00e9tiques de la m\u00e9decine traditionnelle &hellip;\" \/>\n<meta property=\"og:url\" content=\"https:\/\/geraldinereflexologie.fr\/index.php\/reflexologie\/\" \/>\n<meta property=\"article:modified_time\" content=\"2025-01-14T13:15:13+00:00\" \/>\n<meta property=\"og:image\" content=\"http:\/\/geraldinereflexologie.fr\/wp-content\/uploads\/2025\/01\/woman-receiving-foot-massage-service-from-masseuse-close-up-hand-foot-relax-foot-massage-therapy-service-concept-1-1024x684.jpg\" \/>\n<meta name=\"twitter:card\" content=\"summary_large_image\" \/>\n<meta name=\"twitter:label1\" content=\"Est. reading time\" \/>\n\t<meta name=\"twitter:data1\" content=\"1 minute\" \/>\n<script type=\"application\/ld+json\" class=\"yoast-schema-graph\">{\"@context\":\"https:\/\/schema.org\",\"@graph\":[{\"@type\":\"WebPage\",\"@id\":\"https:\/\/geraldinereflexologie.fr\/index.php\/reflexologie\/\",\"url\":\"https:\/\/geraldinereflexologie.fr\/index.php\/reflexologie\/\",\"name\":\"REFLEXOLOGIE -\",\"isPartOf\":{\"@id\":\"https:\/\/geraldinereflexologie.fr\/#website\"},\"primaryImageOfPage\":{\"@id\":\"https:\/\/geraldinereflexologie.fr\/index.php\/reflexologie\/#primaryimage\"},\"image\":{\"@id\":\"https:\/\/geraldinereflexologie.fr\/index.php\/reflexologie\/#primaryimage\"},\"thumbnailUrl\":\"http:\/\/geraldinereflexologie.fr\/wp-content\/uploads\/2025\/01\/woman-receiving-foot-massage-service-from-masseuse-close-up-hand-foot-relax-foot-massage-therapy-service-concept-1-1024x684.jpg\",\"datePublished\":\"2025-01-13T08:10:35+00:00\",\"dateModified\":\"2025-01-14T13:15:13+00:00\",\"breadcrumb\":{\"@id\":\"https:\/\/geraldinereflexologie.fr\/index.php\/reflexologie\/#breadcrumb\"},\"inLanguage\":\"en-US\",\"potentialAction\":[{\"@type\":\"ReadAction\",\"target\":[\"https:\/\/geraldinereflexologie.fr\/index.php\/reflexologie\/\"]}]},{\"@type\":\"ImageObject\",\"inLanguage\":\"en-US\",\"@id\":\"https:\/\/geraldinereflexologie.fr\/index.php\/reflexologie\/#primaryimage\",\"url\":\"http:\/\/geraldinereflexologie.fr\/wp-content\/uploads\/2025\/01\/woman-receiving-foot-massage-service-from-masseuse-close-up-hand-foot-relax-foot-massage-therapy-service-concept-1-1024x684.jpg\",\"contentUrl\":\"http:\/\/geraldinereflexologie.fr\/wp-content\/uploads\/2025\/01\/woman-receiving-foot-massage-service-from-masseuse-close-up-hand-foot-relax-foot-massage-therapy-service-concept-1-1024x684.jpg\"},{\"@type\":\"BreadcrumbList\",\"@id\":\"https:\/\/geraldinereflexologie.fr\/index.php\/reflexologie\/#breadcrumb\",\"itemListElement\":[{\"@type\":\"ListItem\",\"position\":1,\"name\":\"Accueil\",\"item\":\"https:\/\/geraldinereflexologie.fr\/\"},{\"@type\":\"ListItem\",\"position\":2,\"name\":\"REFLEXOLOGIE\"}]},{\"@type\":\"WebSite\",\"@id\":\"https:\/\/geraldinereflexologie.fr\/#website\",\"url\":\"https:\/\/geraldinereflexologie.fr\/\",\"name\":\"\",\"description\":\"\",\"potentialAction\":[{\"@type\":\"SearchAction\",\"target\":{\"@type\":\"EntryPoint\",\"urlTemplate\":\"https:\/\/geraldinereflexologie.fr\/?s={search_term_string}\"},\"query-input\":{\"@type\":\"PropertyValueSpecification\",\"valueRequired\":true,\"valueName\":\"search_term_string\"}}],\"inLanguage\":\"en-US\"}]}<\/script>\n<!-- \/ Yoast SEO plugin. -->","yoast_head_json":{"title":"REFLEXOLOGIE -","robots":{"index":"index","follow":"follow","max-snippet":"max-snippet:-1","max-image-preview":"max-image-preview:large","max-video-preview":"max-video-preview:-1"},"canonical":"https:\/\/geraldinereflexologie.fr\/index.php\/reflexologie\/","og_locale":"en_US","og_type":"article","og_title":"REFLEXOLOGIE -","og_description":"La pression et le massage des zones pr\u00e9cises sur les pieds et les mains, qui sont extr\u00eamement riches en terminaisons nerveuses, ont une incidence sur le syst\u00e8me nerveux et les r\u00e9ponses de l\u2019organisme au stress. Cette pratique agit sur le physique, le mental et l\u2019\u00e9motionnel. Elle est issue des techniques \u00e9nerg\u00e9tiques de la m\u00e9decine traditionnelle &hellip;","og_url":"https:\/\/geraldinereflexologie.fr\/index.php\/reflexologie\/","article_modified_time":"2025-01-14T13:15:13+00:00","og_image":[{"url":"http:\/\/geraldinereflexologie.fr\/wp-content\/uploads\/2025\/01\/woman-receiving-foot-massage-service-from-masseuse-close-up-hand-foot-relax-foot-massage-therapy-service-concept-1-1024x684.jpg","type":"","width":"","height":""}],"twitter_card":"summary_large_image","twitter_misc":{"Est. reading time":"1 minute"},"schema":{"@context":"https:\/\/schema.org","@graph":[{"@type":"WebPage","@id":"https:\/\/geraldinereflexologie.fr\/index.php\/reflexologie\/","url":"https:\/\/geraldinereflexologie.fr\/index.php\/reflexologie\/","name":"REFLEXOLOGIE -","isPartOf":{"@id":"https:\/\/geraldinereflexologie.fr\/#website"},"primaryImageOfPage":{"@id":"https:\/\/geraldinereflexologie.fr\/index.php\/reflexologie\/#primaryimage"},"image":{"@id":"https:\/\/geraldinereflexologie.fr\/index.php\/reflexologie\/#primaryimage"},"thumbnailUrl":"http:\/\/geraldinereflexologie.fr\/wp-content\/uploads\/2025\/01\/woman-receiving-foot-massage-service-from-masseuse-close-up-hand-foot-relax-foot-massage-therapy-service-concept-1-1024x684.jpg","datePublished":"2025-01-13T08:10:35+00:00","dateModified":"2025-01-14T13:15:13+00:00","breadcrumb":{"@id":"https:\/\/geraldinereflexologie.fr\/index.php\/reflexologie\/#breadcrumb"},"inLanguage":"en-US","potentialAction":[{"@type":"ReadAction","target":["https:\/\/geraldinereflexologie.fr\/index.php\/reflexologie\/"]}]},{"@type":"ImageObject","inLanguage":"en-US","@id":"https:\/\/geraldinereflexologie.fr\/index.php\/reflexologie\/#primaryimage","url":"http:\/\/geraldinereflexologie.fr\/wp-content\/uploads\/2025\/01\/woman-receiving-foot-massage-service-from-masseuse-close-up-hand-foot-relax-foot-massage-therapy-service-concept-1-1024x684.jpg","contentUrl":"http:\/\/geraldinereflexologie.fr\/wp-content\/uploads\/2025\/01\/woman-receiving-foot-massage-service-from-masseuse-close-up-hand-foot-relax-foot-massage-therapy-service-concept-1-1024x684.jpg"},{"@type":"BreadcrumbList","@id":"https:\/\/geraldinereflexologie.fr\/index.php\/reflexologie\/#breadcrumb","itemListElement":[{"@type":"ListItem","position":1,"name":"Accueil","item":"https:\/\/geraldinereflexologie.fr\/"},{"@type":"ListItem","position":2,"name":"REFLEXOLOGIE"}]},{"@type":"WebSite","@id":"https:\/\/geraldinereflexologie.fr\/#website","url":"https:\/\/geraldinereflexologie.fr\/","name":"","description":"","potentialAction":[{"@type":"SearchAction","target":{"@type":"EntryPoint","urlTemplate":"https:\/\/geraldinereflexologie.fr\/?s={search_term_string}"},"query-input":{"@type":"PropertyValueSpecification","valueRequired":true,"valueName":"search_term_string"}}],"inLanguage":"en-US"}]}},"_links":{"self":[{"href":"https:\/\/geraldinereflexologie.fr\/index.php\/wp-json\/wp\/v2\/pages\/15","targetHints":{"allow":["GET"]}}],"collection":[{"href":"https:\/\/geraldinereflexologie.fr\/index.php\/wp-json\/wp\/v2\/pages"}],"about":[{"href":"https:\/\/geraldinereflexologie.fr\/index.php\/wp-json\/wp\/v2\/types\/page"}],"author":[{"embeddable":true,"href":"https:\/\/geraldinereflexologie.fr\/index.php\/wp-json\/wp\/v2\/users\/1"}],"replies":[{"embeddable":true,"href":"https:\/\/geraldinereflexologie.fr\/index.php\/wp-json\/wp\/v2\/comments?post=15"}],"version-history":[{"count":10,"href":"https:\/\/geraldinereflexologie.fr\/index.php\/wp-json\/wp\/v2\/pages\/15\/revisions"}],"predecessor-version":[{"id":98,"href":"https:\/\/geraldinereflexologie.fr\/index.php\/wp-json\/wp\/v2\/pages\/15\/revisions\/98"}],"wp:attachment":[{"href":"https:\/\/geraldinereflexologie.fr\/index.php\/wp-json\/wp\/v2\/media?parent=15"}],"curies":[{"name":"wp","href":"https:\/\/api.w.org\/{rel}","templated":true}]}}