{"id":17,"date":"2025-01-13T09:11:17","date_gmt":"2025-01-13T08:11:17","guid":{"rendered":"https:\/\/geraldinereflexologie.fr\/?page_id=17"},"modified":"2025-03-05T16:29:36","modified_gmt":"2025-03-05T15:29:36","slug":"nutrition","status":"publish","type":"page","link":"https:\/\/geraldinereflexologie.fr\/index.php\/nutrition\/","title":{"rendered":"NUTRITION"},"content":{"rendered":"\t\t<div data-elementor-type=\"wp-page\" data-elementor-id=\"17\" class=\"elementor elementor-17\" data-elementor-post-type=\"page\">\n\t\t\t\t<div class=\"elementor-element elementor-element-72234c02 e-flex e-con-boxed e-con e-parent\" data-id=\"72234c02\" data-element_type=\"container\" data-settings=\"{&quot;background_background&quot;:&quot;classic&quot;}\">\n\t\t\t\t\t<div class=\"e-con-inner\">\n\t\t\t\t<div class=\"elementor-element elementor-element-67fb1ab elementor-widget elementor-widget-heading\" data-id=\"67fb1ab\" data-element_type=\"widget\" data-widget_type=\"heading.default\">\n\t\t\t\t<div class=\"elementor-widget-container\">\n\t\t\t\t\t<h1 class=\"elementor-heading-title elementor-size-default\">Coach en nutrition<\/h1>\t\t\t\t<\/div>\n\t\t\t\t<\/div>\n\t\t\t\t\t<\/div>\n\t\t\t\t<\/div>\n\t\t<div class=\"elementor-element elementor-element-1589511e e-con-full e-flex e-con e-parent\" data-id=\"1589511e\" data-element_type=\"container\" data-settings=\"{&quot;background_background&quot;:&quot;classic&quot;}\">\n\t\t\t\t<div class=\"elementor-element elementor-element-128945f1 elementor-widget elementor-widget-image\" data-id=\"128945f1\" data-element_type=\"widget\" data-widget_type=\"image.default\">\n\t\t\t\t<div class=\"elementor-widget-container\">\n\t\t\t\t\t\t\t\t\t\t\t\t\t\t\t<img decoding=\"async\" src=\"https:\/\/geraldinereflexologie.fr\/wp-content\/uploads\/2025\/01\/Sous-titre-scaled.jpg\" title=\"alimentation\" alt=\"alimentation\" loading=\"lazy\" \/>\t\t\t\t\t\t\t\t\t\t\t\t\t\t\t<\/div>\n\t\t\t\t<\/div>\n\t\t\t\t<\/div>\n\t\t<div class=\"elementor-element elementor-element-c0086f2 e-flex e-con-boxed e-con e-parent\" data-id=\"c0086f2\" data-element_type=\"container\">\n\t\t\t\t\t<div class=\"e-con-inner\">\n\t\t\t\t<div class=\"elementor-element elementor-element-f3a84af elementor-widget elementor-widget-spacer\" data-id=\"f3a84af\" data-element_type=\"widget\" data-widget_type=\"spacer.default\">\n\t\t\t\t<div class=\"elementor-widget-container\">\n\t\t\t\t\t\t\t<div class=\"elementor-spacer\">\n\t\t\t<div class=\"elementor-spacer-inner\"><\/div>\n\t\t<\/div>\n\t\t\t\t\t\t<\/div>\n\t\t\t\t<\/div>\n\t\t\t\t<div class=\"elementor-element elementor-element-36ca48a elementor-widget elementor-widget-text-editor\" data-id=\"36ca48a\" data-element_type=\"widget\" data-widget_type=\"text-editor.default\">\n\t\t\t\t<div class=\"elementor-widget-container\">\n\t\t\t\t\t\t\t\t\t<p>L\u2019\u00e9quilibre alimentaire ne se construit pas sur un seul repas, mais sur une alimentation vari\u00e9e tout au long de la journ\u00e9e et sur une hygi\u00e8ne de vie globale. Nous pensons tous avoir cet \u00e9quilibre, moi la premi\u00e8re, je l\u2019avoue. Cependant, suite \u00e0 ma formation dans le cadre du BTS Nutrition, je me suis aper\u00e7ue qu\u2019il y avait des choses \u00e0 revoir. L\u2019\u00e9quilibre entre ces deux aspects vous apportera bien-\u00eatre et bonne sant\u00e9.<\/p><p><strong>Suivi personnalis\u00e9 :<\/strong> perte de poids, prise de poids, arr\u00eat de la cigarette, etc.<\/p>\t\t\t\t\t\t\t\t<\/div>\n\t\t\t\t<\/div>\n\t\t\t\t<div class=\"elementor-element elementor-element-6a81422c elementor-align-center elementor-mobile-align-center elementor-widget elementor-widget-button\" data-id=\"6a81422c\" data-element_type=\"widget\" data-widget_type=\"button.default\">\n\t\t\t\t<div class=\"elementor-widget-container\">\n\t\t\t\t\t\t\t\t\t<div class=\"elementor-button-wrapper\">\n\t\t\t\t\t<a class=\"elementor-button elementor-button-link elementor-size-sm\" href=\"#\">\n\t\t\t\t\t\t<span class=\"elementor-button-content-wrapper\">\n\t\t\t\t\t\t\t\t\t<span class=\"elementor-button-text\">Prendre RDV<\/span>\n\t\t\t\t\t<\/span>\n\t\t\t\t\t<\/a>\n\t\t\t\t<\/div>\n\t\t\t\t\t\t\t\t<\/div>\n\t\t\t\t<\/div>\n\t\t\t\t\t<\/div>\n\t\t\t\t<\/div>\n\t\t\t\t<\/div>\n\t\t","protected":false},"excerpt":{"rendered":"<p>Coach en nutrition L\u2019\u00e9quilibre alimentaire ne se construit pas sur un seul repas, mais sur une alimentation vari\u00e9e tout au long de la journ\u00e9e et sur une hygi\u00e8ne de vie globale. Nous pensons tous avoir cet \u00e9quilibre, moi la premi\u00e8re, je l\u2019avoue. Cependant, suite \u00e0 ma formation dans le cadre du BTS Nutrition, je me &hellip; <\/p>\n","protected":false},"author":1,"featured_media":0,"parent":0,"menu_order":0,"comment_status":"closed","ping_status":"closed","template":"","meta":{"footnotes":""},"class_list":["post-17","page","type-page","status-publish","hentry"],"yoast_head":"<!-- This site is optimized with the Yoast SEO plugin v25.8 - https:\/\/yoast.com\/wordpress\/plugins\/seo\/ -->\n<title>NUTRITION -<\/title>\n<meta name=\"robots\" content=\"index, follow, max-snippet:-1, max-image-preview:large, max-video-preview:-1\" \/>\n<link rel=\"canonical\" href=\"https:\/\/geraldinereflexologie.fr\/index.php\/nutrition\/\" \/>\n<meta property=\"og:locale\" content=\"en_US\" \/>\n<meta property=\"og:type\" content=\"article\" \/>\n<meta property=\"og:title\" content=\"NUTRITION -\" \/>\n<meta property=\"og:description\" content=\"Coach en nutrition L\u2019\u00e9quilibre alimentaire ne se construit pas sur un seul repas, mais sur une alimentation vari\u00e9e tout au long de la journ\u00e9e et sur une hygi\u00e8ne de vie globale. Nous pensons tous avoir cet \u00e9quilibre, moi la premi\u00e8re, je l\u2019avoue. Cependant, suite \u00e0 ma formation dans le cadre du BTS Nutrition, je me &hellip;\" \/>\n<meta property=\"og:url\" content=\"https:\/\/geraldinereflexologie.fr\/index.php\/nutrition\/\" \/>\n<meta property=\"article:modified_time\" content=\"2025-03-05T15:29:36+00:00\" \/>\n<meta property=\"og:image\" content=\"http:\/\/geraldinereflexologie.fr\/wp-content\/uploads\/2025\/01\/Sous-titre-scaled.jpg\" \/>\n<meta name=\"twitter:card\" content=\"summary_large_image\" \/>\n<meta name=\"twitter:label1\" content=\"Est. reading time\" \/>\n\t<meta name=\"twitter:data1\" content=\"1 minute\" \/>\n<script type=\"application\/ld+json\" class=\"yoast-schema-graph\">{\"@context\":\"https:\/\/schema.org\",\"@graph\":[{\"@type\":\"WebPage\",\"@id\":\"https:\/\/geraldinereflexologie.fr\/index.php\/nutrition\/\",\"url\":\"https:\/\/geraldinereflexologie.fr\/index.php\/nutrition\/\",\"name\":\"NUTRITION -\",\"isPartOf\":{\"@id\":\"https:\/\/geraldinereflexologie.fr\/#website\"},\"primaryImageOfPage\":{\"@id\":\"https:\/\/geraldinereflexologie.fr\/index.php\/nutrition\/#primaryimage\"},\"image\":{\"@id\":\"https:\/\/geraldinereflexologie.fr\/index.php\/nutrition\/#primaryimage\"},\"thumbnailUrl\":\"http:\/\/geraldinereflexologie.fr\/wp-content\/uploads\/2025\/01\/Sous-titre-scaled.jpg\",\"datePublished\":\"2025-01-13T08:11:17+00:00\",\"dateModified\":\"2025-03-05T15:29:36+00:00\",\"breadcrumb\":{\"@id\":\"https:\/\/geraldinereflexologie.fr\/index.php\/nutrition\/#breadcrumb\"},\"inLanguage\":\"en-US\",\"potentialAction\":[{\"@type\":\"ReadAction\",\"target\":[\"https:\/\/geraldinereflexologie.fr\/index.php\/nutrition\/\"]}]},{\"@type\":\"ImageObject\",\"inLanguage\":\"en-US\",\"@id\":\"https:\/\/geraldinereflexologie.fr\/index.php\/nutrition\/#primaryimage\",\"url\":\"http:\/\/geraldinereflexologie.fr\/wp-content\/uploads\/2025\/01\/Sous-titre-scaled.jpg\",\"contentUrl\":\"http:\/\/geraldinereflexologie.fr\/wp-content\/uploads\/2025\/01\/Sous-titre-scaled.jpg\"},{\"@type\":\"BreadcrumbList\",\"@id\":\"https:\/\/geraldinereflexologie.fr\/index.php\/nutrition\/#breadcrumb\",\"itemListElement\":[{\"@type\":\"ListItem\",\"position\":1,\"name\":\"Accueil\",\"item\":\"https:\/\/geraldinereflexologie.fr\/\"},{\"@type\":\"ListItem\",\"position\":2,\"name\":\"NUTRITION\"}]},{\"@type\":\"WebSite\",\"@id\":\"https:\/\/geraldinereflexologie.fr\/#website\",\"url\":\"https:\/\/geraldinereflexologie.fr\/\",\"name\":\"\",\"description\":\"\",\"potentialAction\":[{\"@type\":\"SearchAction\",\"target\":{\"@type\":\"EntryPoint\",\"urlTemplate\":\"https:\/\/geraldinereflexologie.fr\/?s={search_term_string}\"},\"query-input\":{\"@type\":\"PropertyValueSpecification\",\"valueRequired\":true,\"valueName\":\"search_term_string\"}}],\"inLanguage\":\"en-US\"}]}<\/script>\n<!-- \/ Yoast SEO plugin. -->","yoast_head_json":{"title":"NUTRITION -","robots":{"index":"index","follow":"follow","max-snippet":"max-snippet:-1","max-image-preview":"max-image-preview:large","max-video-preview":"max-video-preview:-1"},"canonical":"https:\/\/geraldinereflexologie.fr\/index.php\/nutrition\/","og_locale":"en_US","og_type":"article","og_title":"NUTRITION -","og_description":"Coach en nutrition L\u2019\u00e9quilibre alimentaire ne se construit pas sur un seul repas, mais sur une alimentation vari\u00e9e tout au long de la journ\u00e9e et sur une hygi\u00e8ne de vie globale. Nous pensons tous avoir cet \u00e9quilibre, moi la premi\u00e8re, je l\u2019avoue. Cependant, suite \u00e0 ma formation dans le cadre du BTS Nutrition, je me &hellip;","og_url":"https:\/\/geraldinereflexologie.fr\/index.php\/nutrition\/","article_modified_time":"2025-03-05T15:29:36+00:00","og_image":[{"url":"http:\/\/geraldinereflexologie.fr\/wp-content\/uploads\/2025\/01\/Sous-titre-scaled.jpg","type":"","width":"","height":""}],"twitter_card":"summary_large_image","twitter_misc":{"Est. reading time":"1 minute"},"schema":{"@context":"https:\/\/schema.org","@graph":[{"@type":"WebPage","@id":"https:\/\/geraldinereflexologie.fr\/index.php\/nutrition\/","url":"https:\/\/geraldinereflexologie.fr\/index.php\/nutrition\/","name":"NUTRITION -","isPartOf":{"@id":"https:\/\/geraldinereflexologie.fr\/#website"},"primaryImageOfPage":{"@id":"https:\/\/geraldinereflexologie.fr\/index.php\/nutrition\/#primaryimage"},"image":{"@id":"https:\/\/geraldinereflexologie.fr\/index.php\/nutrition\/#primaryimage"},"thumbnailUrl":"http:\/\/geraldinereflexologie.fr\/wp-content\/uploads\/2025\/01\/Sous-titre-scaled.jpg","datePublished":"2025-01-13T08:11:17+00:00","dateModified":"2025-03-05T15:29:36+00:00","breadcrumb":{"@id":"https:\/\/geraldinereflexologie.fr\/index.php\/nutrition\/#breadcrumb"},"inLanguage":"en-US","potentialAction":[{"@type":"ReadAction","target":["https:\/\/geraldinereflexologie.fr\/index.php\/nutrition\/"]}]},{"@type":"ImageObject","inLanguage":"en-US","@id":"https:\/\/geraldinereflexologie.fr\/index.php\/nutrition\/#primaryimage","url":"http:\/\/geraldinereflexologie.fr\/wp-content\/uploads\/2025\/01\/Sous-titre-scaled.jpg","contentUrl":"http:\/\/geraldinereflexologie.fr\/wp-content\/uploads\/2025\/01\/Sous-titre-scaled.jpg"},{"@type":"BreadcrumbList","@id":"https:\/\/geraldinereflexologie.fr\/index.php\/nutrition\/#breadcrumb","itemListElement":[{"@type":"ListItem","position":1,"name":"Accueil","item":"https:\/\/geraldinereflexologie.fr\/"},{"@type":"ListItem","position":2,"name":"NUTRITION"}]},{"@type":"WebSite","@id":"https:\/\/geraldinereflexologie.fr\/#website","url":"https:\/\/geraldinereflexologie.fr\/","name":"","description":"","potentialAction":[{"@type":"SearchAction","target":{"@type":"EntryPoint","urlTemplate":"https:\/\/geraldinereflexologie.fr\/?s={search_term_string}"},"query-input":{"@type":"PropertyValueSpecification","valueRequired":true,"valueName":"search_term_string"}}],"inLanguage":"en-US"}]}},"_links":{"self":[{"href":"https:\/\/geraldinereflexologie.fr\/index.php\/wp-json\/wp\/v2\/pages\/17","targetHints":{"allow":["GET"]}}],"collection":[{"href":"https:\/\/geraldinereflexologie.fr\/index.php\/wp-json\/wp\/v2\/pages"}],"about":[{"href":"https:\/\/geraldinereflexologie.fr\/index.php\/wp-json\/wp\/v2\/types\/page"}],"author":[{"embeddable":true,"href":"https:\/\/geraldinereflexologie.fr\/index.php\/wp-json\/wp\/v2\/users\/1"}],"replies":[{"embeddable":true,"href":"https:\/\/geraldinereflexologie.fr\/index.php\/wp-json\/wp\/v2\/comments?post=17"}],"version-history":[{"count":9,"href":"https:\/\/geraldinereflexologie.fr\/index.php\/wp-json\/wp\/v2\/pages\/17\/revisions"}],"predecessor-version":[{"id":154,"href":"https:\/\/geraldinereflexologie.fr\/index.php\/wp-json\/wp\/v2\/pages\/17\/revisions\/154"}],"wp:attachment":[{"href":"https:\/\/geraldinereflexologie.fr\/index.php\/wp-json\/wp\/v2\/media?parent=17"}],"curies":[{"name":"wp","href":"https:\/\/api.w.org\/{rel}","templated":true}]}}